{"id":418,"date":"2023-12-14T15:37:13","date_gmt":"2023-12-14T15:37:13","guid":{"rendered":"https:\/\/pilatestudio.ch\/site\/?page_id=418"},"modified":"2023-12-14T15:46:07","modified_gmt":"2023-12-14T15:46:07","slug":"privacy-policy","status":"publish","type":"page","link":"https:\/\/pilatestudio.ch\/site\/privacy-policy\/","title":{"rendered":"Privacy Policy"},"content":{"rendered":"<p><span style=\"color: #000000;\"><strong>Informativa sulla privacy relativa al trattamento dei dati personali del sito <\/strong><a style=\"color: #000000;\" href=\"https:\/\/pilatestudio.ch\/\">https:\/\/pilatestudio.ch\/<\/a><\/span><\/p>\n<p><span style=\"color: #000000;\">Ai sensi della Legge federale sulla protezione dei dati (LPD), Le forniamo le necessarie informazioni riguardo al trattamento dei dati personali raccolti <strong>durante la Sua esperienza sul nostro sito web.<\/strong><\/span><\/p>\n<p>&nbsp;<\/p>\n<p><span style=\"color: #000000;\"><strong>1. CATEGORIE DI DATI PERSONALI OGGETTO DEL TRATTAMENTO | DEFINIZIONI<\/strong><\/span><\/p>\n<p><span style=\"color: #000000;\">I dati personali forniti\u00a0\u2013\u00a0o altrimenti acquisiti in conformit\u00e0 delle disposizioni legislative e contrattuali in vigore\u00a0\u2013\u00a0inerenti, connessi e\/o strumentali alla valutazione della Sua esperienza sul nostro sito, saranno trattati ai sensi della LPD e degli obblighi di riservatezza.<\/span><\/p>\n<p><span style=\"color: #000000;\"><strong>Dati personali: <\/strong>tutte le informazioni relative a una persona identificata o identificabile.<\/span><\/p>\n<p><span style=\"color: #000000;\">In particolare, <strong>effettueremo il trattamento dei seguenti dati personali<\/strong>: dati di navigazione (per maggiori informazioni sui dati raccolti con i Cookie, <a href=\"\/site\/cookie-policy\/\" target=\"_blank\" rel=\"noopener\"><strong>leggere l\u2019Informativa sui Cookie<\/strong><\/a>); dati forniti volontariamente dall\u2019utente (attraverso l\u2019invio del form presente nell\u2019area \u201cContatti\u201d di questo sito, come: nome, cognome, indirizzo e-mail, numero di telefono).<\/span><\/p>\n<p><span style=\"color: #000000;\"><strong>Persone interessate<\/strong>: persone fisiche o giuridiche i cui dati sono oggetto del trattamento (nel seguito, anche \u201cLei\u201d).<\/span><\/p>\n<p><span style=\"color: #000000;\"><strong>Trattamento:<\/strong> qualsiasi operazione relativa ai dati personali, indipendentemente dai mezzi e dalle procedure adottati, e segnatamente la raccolta, la conservazione, l\u2019uso, la revisione, la comunicazione, l\u2019archiviazione o la distruzione dei dati.<\/span><\/p>\n<p><span style=\"color: #000000;\"><strong>Comunicazione:<\/strong> ossia, rendere i dati personali accessibili, ad esempio consentendone l\u2019accesso, la trasmissione o la pubblicazione.<\/span><\/p>\n<p>&nbsp;<\/p>\n<p><span style=\"color: #000000;\"><strong> 2. IDENTIT\u00c0 E CONTATTI DEL TITOLARE DEL TRATTAMENTO<\/strong><\/span><\/p>\n<p><span style=\"color: #000000;\">Il soggetto che determina le finalit\u00e0 e i mezzi del presente trattamento di dati personali \u00e8 <strong>PILATES STUDIO<\/strong>, una societ\u00e0 di diritto svizzero con sede in Via Boscioro 12, 6962 Lugano \u2013 Viganello, rappresentata dalle persone aventi diritto di firma conformemente alle iscrizioni del Registro cantonale di commercio (nel seguito definita anche \u201cTitolare del trattamento\u201d o \u201cSociet\u00e0\u201d o \u201cnoi\u201d).<\/span><\/p>\n<p><span style=\"color: #000000;\">I contatti del Titolare del trattamento sono i seguenti: <strong>info@pilatestudio.ch<\/strong><\/span><\/p>\n<p>&nbsp;<\/p>\n<p><span style=\"color: #000000;\"><strong>3. SCOPO DEL TRATTAMENTO | PERIODO DI CONSERVAZIONE DEI DATI<\/strong><\/span><\/p>\n<table border=\"1px\" width=\"100%\">\n<tbody>\n<tr>\n<td width=\"247\"><span style=\"color: #000000;\"><strong>SCOPO DEL TRATTAMENTO | MOTIVO GIUSTIFICATIVO<\/strong><\/span><\/td>\n<td width=\"247\"><span style=\"color: #000000;\"><strong>PERIODO DI CONSERVAZIONE DEI DATI<\/strong><\/span><\/td>\n<\/tr>\n<tr>\n<td width=\"247\"><span style=\"color: #000000;\">a)\u00a0\u00a0\u00a0\u00a0\u00a0 Attivit\u00e0 strettamente necessarie alla navigazione dell\u2019utente su questo sito Internet e per controllare il suo corretto funzionamento.<\/span><\/p>\n<p>&nbsp;<\/p>\n<p><span style=\"color: #000000;\">Si precisa che i sistemi informatici preposti al funzionamento di questo sito acquisiscono, nel corso del loro normale esercizio, alcuni dati personali la cui trasmissione \u00e8 implicita nell\u2019uso dei protocolli di comunicazione di Internet. In questa categoria di dati rientrano gli indirizzi IP o i nomi a dominio dei computer e dei terminali utilizzati dagli utenti, gli indirizzi in notazione URI\/URL (Uniform Resource Identifier\/Locator) delle risorse richieste, l\u2019orario della richiesta, il metodo utilizzato nel sottoporre la richiesta al server, la dimensione del file ottenuto in risposta, il codice numerico indicante lo stato della risposta data dal server (buon fine, errore, ecc.) ed altri parametri relativi al sistema operativo e all\u2019ambiente informatico dell\u2019utente.<\/span><\/p>\n<p>&nbsp;<\/td>\n<td width=\"247\"><span style=\"color: #000000;\">I dati saranno conservati fino al termine della sessione di navigazione.<\/span><\/p>\n<p>&nbsp;<\/p>\n<p><span style=\"color: #000000;\">Per i dati trattati con cookie tecnici, si prega di consultare la nostra <a href=\"\/site\/cookie-policy\/\" target=\"_blank\" rel=\"noopener\"><strong>Cookie Policy<\/strong><\/a><\/span><\/td>\n<\/tr>\n<tr>\n<td width=\"247\"><span style=\"color: #000000;\">b) Ottenere informazioni statistiche anonime sull\u2019uso del sito.<\/span><\/td>\n<td width=\"247\"><span style=\"color: #000000;\">Si prega di consultare la nostra <a href=\"\/site\/cookie-policy\/\" target=\"_blank\" rel=\"noopener\"><strong>Cookie Policy<\/strong><\/a><\/span><\/td>\n<\/tr>\n<\/tbody>\n<\/table>\n<p>&nbsp;<\/p>\n<p><span style=\"color: #000000;\"><strong>3.1 MODALIT\u00c0 DI TRATTAMENTO DEI DATI<\/strong><\/span><br \/>\n<span style=\"color: #000000;\">Il trattamento sar\u00e0 svolto con modalit\u00e0 e strumenti volti a garantire la massima sicurezza e riservatezza, ad opera di soggetti di ci\u00f2 appositamente istruiti. I dati personali raccolti verranno conservati in una forma che consenta l\u2019identificazione degli interessati per un arco di tempo non superiore al conseguimento delle finalit\u00e0 per le quali i dati personali sono trattati.<\/span><\/p>\n<p>&nbsp;<\/p>\n<p><span style=\"color: #000000;\"><strong>4. DESTINATARI DEI DATI PERSONALI\u00a0<\/strong><\/span><\/p>\n<p><span style=\"color: #000000;\">Possiamo condividere le informazioni personali con i dipendenti e\/o il personale che agisce sotto l\u2019autorit\u00e0 del Titolare del trattamento (debitamente istruiti a tal fine), oltre a terzi vincolati a Pilates Studio da rapporto contrattuale, allo scopo di adempiere gli obblighi contrattuali e di soddisfare una o pi\u00f9 delle predette finalit\u00e0 del trattamento. Tali terzi elaboreranno i dati forniti in qualit\u00e0 di responsabili del trattamento o di titolari del trattamento indipendenti. Nello specifico, possiamo condividere i dati personali raccolti con le seguenti categorie di destinatari: a) soggetti che forniscono servizi correlati al funzionamento di questo sito internet, al sistema informatico di Pilates Studio e delle reti di telecomunicazione (per es., hosting provider, webmaster); b) societ\u00e0 di assistenza e consulenza (per es., agenzie web); c) autorit\u00e0 competenti per il rispetto degli obblighi di legge e\/o le disposizioni degli enti pubblici, su richiesta;<\/span><\/p>\n<p>&nbsp;<\/p>\n<p><span style=\"color: #000000;\"><strong>5. TRASFERIMENTO DEI DATI PERSONALI AL DI FUORI DELLA CONFEDERAZIONE\u00a0<\/strong><\/span><\/p>\n<p><span style=\"color: #000000;\">Il sito \u00e8 basato in Svizzera (hosting).<\/span><\/p>\n<p>&nbsp;<\/p>\n<p><span style=\"color: #000000;\"><strong>6. DIRITTI DELL\u2019INTERESSATO <\/strong><\/span><\/p>\n<p><span style=\"color: #000000;\">Ai sensi della LPD, il Titolare del trattamento riconosce a Lei, nelle vesti di persona interessata, i seguenti diritti (lista non esauriente):<\/span><\/p>\n<ul>\n<li><span style=\"color: #000000;\">ottenere la rettifica dei dati personali inesatti o obsoleti;<\/span><\/li>\n<li><span style=\"color: #000000;\">essere informato\/a per iscritto e gratuitamente se i dati personali che La riguardano sono oggetto di trattamento;<\/span><\/li>\n<li><span style=\"color: #000000;\">prevenire la comunicazione a terzi di eventuali dati personali sensibili;<\/span><\/li>\n<li><span style=\"color: #000000;\">ottenere la portabilit\u00e0 dei dati personali o richiedere che vengano trasferiti a terzi;<\/span><\/li>\n<li><span style=\"color: #000000;\">richiedere la limitazione o il blocco del trattamento dei dati, la prevenzione della comunicazione dei dati a terzi o la rettifica o distruzione dei dati personali;<\/span><\/li>\n<li><span style=\"color: #000000;\">richiedere il divieto di uno specifico trattamento dei dati personali e di una specifica comunicazione dei dati personali a terzi o la cancellazione o distruzione di determinati dati personali;<\/span><\/li>\n<li><span style=\"color: #000000;\">qualora n\u00e9 la correttezza n\u00e9 l\u2019inesattezza dei dati personali possano essere provate, richiedere l\u2019aggiunta di una nota per indicare la contestazione;<\/span><\/li>\n<li><span style=\"color: #000000;\">richiedere che la rettifica, la distruzione, il blocco, soprattutto la comunicazione a terzi, oltre alla nota sulla contestazione o sentenza venga comunicata a terzi o pubblicata;<\/span><\/li>\n<li><span style=\"color: #000000;\">far dichiarare l\u2019illegittimit\u00e0 del trattamento dei dati personali.<\/span><\/li>\n<\/ul>\n<p><span style=\"color: #000000;\">Riservato ogni altro ricorso amministrativo e giurisdizionale, se l\u2019utente ritiene che il trattamento dei dati che lo riguarda violi quanto previsto dalla LPD, ha il diritto di proporre reclamo alla competente Autorit\u00e0 di controllo (Incaricato Federale per la Protezione dei dati e per la Trasparenza).<\/span><\/p>\n<p><span style=\"color: #000000;\">Pu\u00f2 esercitare i Suoi diritti ai sensi della LPD contattando il Titolare del trattamento scrivendo agli indirizzi sopra indicati.<\/span><\/p>\n<p>&nbsp;<\/p>\n<p><span style=\"color: #000000;\"><strong>7. INFORMAZIONI AGGIUNTIVE | MODIFICHE | AGGIORNAMENTI<\/strong><\/span><\/p>\n<p><span style=\"color: #000000;\">Il Titolare del trattamento si riserva il diritto di rivedere, aggiornare, aggiungere o rimuovere qualsiasi parte della presente informativa sulla privacy a propria discrezione in qualsiasi momento. In caso di modifiche, verr\u00e0 indicata la data di aggiornamento.<\/span><\/p>\n<p><span style=\"color: #000000;\"><strong>Data dell\u2019ultimo aggiornamento:<\/strong>14 dicembre 2023 <\/span><strong><br \/>\n<\/strong><\/p>\n","protected":false},"excerpt":{"rendered":"<p>Informativa sulla privacy relativa al trattamento dei dati personali del [&hellip;]<\/p>\n","protected":false},"author":2,"featured_media":0,"parent":0,"menu_order":0,"comment_status":"closed","ping_status":"closed","template":"","meta":{"footnotes":""},"_links":{"self":[{"href":"https:\/\/pilatestudio.ch\/site\/wp-json\/wp\/v2\/pages\/418"}],"collection":[{"href":"https:\/\/pilatestudio.ch\/site\/wp-json\/wp\/v2\/pages"}],"about":[{"href":"https:\/\/pilatestudio.ch\/site\/wp-json\/wp\/v2\/types\/page"}],"author":[{"embeddable":true,"href":"https:\/\/pilatestudio.ch\/site\/wp-json\/wp\/v2\/users\/2"}],"replies":[{"embeddable":true,"href":"https:\/\/pilatestudio.ch\/site\/wp-json\/wp\/v2\/comments?post=418"}],"version-history":[{"count":4,"href":"https:\/\/pilatestudio.ch\/site\/wp-json\/wp\/v2\/pages\/418\/revisions"}],"predecessor-version":[{"id":429,"href":"https:\/\/pilatestudio.ch\/site\/wp-json\/wp\/v2\/pages\/418\/revisions\/429"}],"wp:attachment":[{"href":"https:\/\/pilatestudio.ch\/site\/wp-json\/wp\/v2\/media?parent=418"}],"curies":[{"name":"wp","href":"https:\/\/api.w.org\/{rel}","templated":true}]}}