{"id":300,"date":"2018-12-17T12:46:16","date_gmt":"2018-12-17T12:46:16","guid":{"rendered":"http:\/\/pilatestudio.ch\/site\/?page_id=300"},"modified":"2018-12-17T12:57:25","modified_gmt":"2018-12-17T12:57:25","slug":"j-h-pilates","status":"publish","type":"page","link":"https:\/\/pilatestudio.ch\/site\/j-h-pilates\/","title":{"rendered":"J.H. Pilates"},"content":{"rendered":"<p><div class=\"fusion-fullwidth fullwidth-box fusion-builder-row-1 nonhundred-percent-fullwidth non-hundred-percent-height-scrolling\" style=\"--awb-border-radius-top-left:0px;--awb-border-radius-top-right:0px;--awb-border-radius-bottom-right:0px;--awb-border-radius-bottom-left:0px;--awb-padding-top:0px;--awb-padding-right:0px;--awb-padding-bottom:0px;--awb-padding-left:0px;--awb-margin-top:0px;--awb-margin-bottom:2%;--awb-flex-wrap:wrap;\" ><div class=\"fusion-builder-row fusion-row\"><div class=\"fusion-layout-column fusion_builder_column fusion-builder-column-0 fusion_builder_column_1_2 1_2 fusion-one-half fusion-column-first\" style=\"--awb-padding-top:4%;--awb-padding-right:4%;--awb-padding-bottom:8%;--awb-padding-left:4%;--awb-bg-color:rgba(85,123,131,0.7);--awb-bg-color-hover:rgba(85,123,131,0.7);--awb-bg-size:cover;--awb-margin-top:-8%;--awb-margin-bottom:0px;width:50%;width:calc(50% - ( ( 4% ) * 0.5 ) );margin-right: 4%;\"><div class=\"fusion-column-wrapper fusion-flex-column-wrapper-legacy\"><div class=\"fusion-text fusion-text-1\"><h1><span style=\"color: #ffffff;\">J.H. PILATES<\/span><\/h1>\n<h3><span style=\"color: #ffffff;\">La vita di J.H. Pilates \u00e8 caratterizzata da varie tappe significative che riassumiamo qui di seguito.<\/span><\/h3>\n<\/div><div class=\"fusion-clearfix\"><\/div><\/div><\/div><div class=\"fusion-layout-column fusion_builder_column fusion-builder-column-1 fusion_builder_column_1_2 1_2 fusion-one-half fusion-column-last\" style=\"--awb-padding-top:4%;--awb-padding-right:0px;--awb-padding-bottom:0px;--awb-padding-left:0px;--awb-bg-size:cover;--awb-margin-bottom:0px;width:50%;width:calc(50% - ( ( 4% ) * 0.5 ) );\"><div class=\"fusion-column-wrapper fusion-flex-column-wrapper-legacy\"><div class=\"fusion-clearfix\"><\/div><\/div><\/div><\/div><\/div><div class=\"fusion-fullwidth fullwidth-box fusion-builder-row-2 nonhundred-percent-fullwidth non-hundred-percent-height-scrolling\" style=\"--awb-border-radius-top-left:0px;--awb-border-radius-top-right:0px;--awb-border-radius-bottom-right:0px;--awb-border-radius-bottom-left:0px;--awb-padding-top:0px;--awb-padding-right:0px;--awb-padding-bottom:0px;--awb-padding-left:0px;--awb-margin-top:0px;--awb-margin-bottom:5%;--awb-flex-wrap:wrap;\" ><div class=\"fusion-builder-row fusion-row\"><div class=\"fusion-layout-column fusion_builder_column fusion-builder-column-2 fusion_builder_column_1_1 1_1 fusion-one-full fusion-column-first fusion-column-last\" style=\"--awb-padding-top:0px;--awb-padding-right:0px;--awb-padding-bottom:0px;--awb-padding-left:0px;--awb-bg-size:cover;--awb-margin-bottom:0px;\"><div class=\"fusion-column-wrapper fusion-flex-column-wrapper-legacy\"><div class=\"fusion-text fusion-text-2 awb-text-cols fusion-text-columns-2\" style=\"--awb-columns:2;--awb-column-spacing:2em;--awb-column-min-width:100px;\"><p>Nato in Germania nel 1883 da madre tedesca naturopata e da padre greco ginnasta.<\/p>\n<p>L\u2019infanzia di Joseph \u00e8 quella di un bambino asmatico, rachitico che soffre inoltre di reumatismi articolari. Queste fragilit\u00e0 lo motivano abbastanza presto ad orientarsi verso il body building, lo yoga e la ginnastica per avere una buona condizione fisica. Grazie al suo grande impegno e alla sua determinazione a \u00a014 anni posa gi\u00e0 come modello per la realizzazione di carte anatomiche. Lo studio dell\u2019anatomia e dello sviluppo muscolare divennero cos\u00ec oggetto di studio e parte integrante della sua adolescenza insieme alla pratica di numerose altre discipline sportive \u00a0che caratterizzarono la sua vita.<\/p>\n<p>Nel 1912 J. H. Pilates si trasfer\u00ec in Inghilterra dove intraprese la carriera di istruttore di autodifesa per la scuola di polizia locale e qui coltiv\u00f2 \u00a0l\u2019interesse per la boxe e per l\u2019acrobatica in un circo. Allo scoppio della Prima Guerra Mondiale Joseph Pilates fu internato per un anno nel Lancaster. Durante la sua prigionia organizz\u00f2 \u00a0l\u2019allenamento proprio e dei suoi compagni raffinando in tal modo i suoi principi sulla salute e sulla ginnastica.<\/p>\n<p>Nel 1918 un\u2019influenza epidemica (la spagnola) uccise migliaia di inglesi, ma nessuno di coloro che si sottoposero al suo training fisico contrasse la malattia. In seguito venne trasferito sull\u2019Isola di Man dove si trov\u00f2 a contatto con soldati reduci dalle battaglie, menomati dalle ferite, costretti all\u2019immobilit\u00e0 e bisognosi di cure. Fu in questa occasione che cominci\u00f2 ad ideare esercizi e attrezzature che potessero servire alla riabilitazione delle persone degenti.<\/p>\n<p>Negli anni venti Pilates \u00a0torn\u00f2 in Germania dove prosegui all\u2019ideazione dei suoi attrezzi, alcuni dei quali sono attualmente in uso. Nel 1925 l\u2019esercito tedesco lo invita a seguire personalmente il piano d\u2019allenamento del nuovo esercito Negli anni venti Joseph Pilates torn\u00f2 in Germania dove incontr\u00f2 il grande coreografo e studioso del \u201cmovimento\u201d Rudolf \u00a0Laban e da qui il binomio danza-pilates.<\/p>\n<p>Nel frattempo Joseph Pilates lavor\u00f2 ad Amburgo come istruttore delle reclute del corpo di Polizia. Il Governo lo invit\u00f2 ad addestrare il nuovo esercito tedesco, ma Joseph Pilates rifiut\u00f2 l\u2019incarico e decise di espatriare in America. Durante il viaggio in nave, che lo port\u00f2 negli Stati Uniti, conobbe Clara che divent\u00f2 sua moglie. Nel 1926 aprirono uno studio per far conoscere la propria tecnica e codificarla definitivamente: la nomina \u201cContrology\u201d Una parte della tecnica fu incentrata esclusivamente sul Mat Work, ovvero una serie di esercizi eseguiti a corpo libero su un materassino (mat). Il lavoro si estese poi al perfezionamento di particolari attrezzi che aveva ideato ai tempi della sua prigionia: Cadillac e Universal Reformer.<\/p>\n<p>J.H. Pilates mor\u00ec nel 1967. Il suo studio verr\u00e0 rilevato da Romana Kryyanowska, una sua allieva.<\/p>\n<\/div><div class=\"fusion-clearfix\"><\/div><\/div><\/div><\/div><\/div><\/p>\n","protected":false},"excerpt":{"rendered":"","protected":false},"author":2,"featured_media":0,"parent":0,"menu_order":0,"comment_status":"closed","ping_status":"closed","template":"","meta":{"footnotes":""},"_links":{"self":[{"href":"https:\/\/pilatestudio.ch\/site\/wp-json\/wp\/v2\/pages\/300"}],"collection":[{"href":"https:\/\/pilatestudio.ch\/site\/wp-json\/wp\/v2\/pages"}],"about":[{"href":"https:\/\/pilatestudio.ch\/site\/wp-json\/wp\/v2\/types\/page"}],"author":[{"embeddable":true,"href":"https:\/\/pilatestudio.ch\/site\/wp-json\/wp\/v2\/users\/2"}],"replies":[{"embeddable":true,"href":"https:\/\/pilatestudio.ch\/site\/wp-json\/wp\/v2\/comments?post=300"}],"version-history":[{"count":3,"href":"https:\/\/pilatestudio.ch\/site\/wp-json\/wp\/v2\/pages\/300\/revisions"}],"predecessor-version":[{"id":310,"href":"https:\/\/pilatestudio.ch\/site\/wp-json\/wp\/v2\/pages\/300\/revisions\/310"}],"wp:attachment":[{"href":"https:\/\/pilatestudio.ch\/site\/wp-json\/wp\/v2\/media?parent=300"}],"curies":[{"name":"wp","href":"https:\/\/api.w.org\/{rel}","templated":true}]}}