{"id":13,"date":"2018-07-23T12:14:11","date_gmt":"2018-07-23T12:14:11","guid":{"rendered":"http:\/\/pilatestudio.ch\/site\/?page_id=13"},"modified":"2019-07-22T11:00:53","modified_gmt":"2019-07-22T11:00:53","slug":"home","status":"publish","type":"page","link":"https:\/\/pilatestudio.ch\/site\/","title":{"rendered":"Home"},"content":{"rendered":"<p><div class=\"fusion-fullwidth fullwidth-box fusion-builder-row-1 nonhundred-percent-fullwidth non-hundred-percent-height-scrolling\" style=\"--awb-border-color:#39aea9;--awb-border-radius-top-left:0px;--awb-border-radius-top-right:0px;--awb-border-radius-bottom-right:0px;--awb-border-radius-bottom-left:0px;--awb-padding-top:0px;--awb-padding-right:0px;--awb-padding-bottom:0px;--awb-padding-left:0px;--awb-margin-top:0px;--awb-margin-bottom:5%;--awb-border-sizes-top:0px;--awb-border-sizes-bottom:0px;--awb-flex-wrap:wrap;\" ><div class=\"fusion-builder-row fusion-row\"><div class=\"fusion-layout-column fusion_builder_column fusion-builder-column-0 fusion_builder_column_2_5 2_5 fusion-two-fifth fusion-column-first\" style=\"--awb-padding-top:4%;--awb-padding-right:4%;--awb-padding-bottom:8%;--awb-padding-left:4%;--awb-bg-color:rgba(85,123,131,0.7);--awb-bg-color-hover:rgba(85,123,131,0.7);--awb-bg-size:cover;--awb-margin-top:-11%;--awb-margin-bottom:0px;width:40%;width:calc(40% - ( ( 4% + 4% ) * 0.4 ) );margin-right: 4%;\"><div class=\"fusion-column-wrapper fusion-flex-column-wrapper-legacy\"><div class=\"fusion-text fusion-text-1\"><h1><span style=\"color: #ffffff;\">SCOPRI I BENEFICI DELLA TECNICA PILATES<\/span><\/h1>\n<\/div><div class=\"fusion-text fusion-text-2\"><h3><span style=\"color: #ffffff;\">Un approccio al lavoro corporeo senza precedenti e paragoni, dove diventa determinante l&#8217;utilizzo di movimenti che sollecitano l&#8217;intera muscolatura del corpo. <\/span><\/h3>\n<h3><span style=\"color: #ffffff;\">Scopri di pi\u00f9 sul metodo J.H. Pilates nella sezione dedicata.<\/span><\/h3>\n<\/div><div class=\"fusion-alignright\"><a class=\"fusion-button button-flat fusion-button-default-size button-default fusion-button-default button-1 fusion-button-default-span fusion-button-default-type\" target=\"_self\" href=\"\/site\/metodo\/\"><span class=\"fusion-button-text\">Filosofia e metodo<\/span><\/a><\/div><div class=\"fusion-clearfix\"><\/div><\/div><\/div><div class=\"fusion-layout-column fusion_builder_column fusion-builder-column-1 fusion_builder_column_2_5 2_5 fusion-two-fifth\" style=\"--awb-padding-top:4%;--awb-padding-right:0px;--awb-padding-bottom:0px;--awb-padding-left:0px;--awb-bg-size:cover;--awb-margin-bottom:0px;width:40%;width:calc(40% - ( ( 4% + 4% ) * 0.4 ) );margin-right: 4%;\"><div class=\"fusion-column-wrapper fusion-flex-column-wrapper-legacy\"><div class=\"fusion-text fusion-text-3\"><h3>Il metodo J.H. Pilates<\/h3>\n<p><span class=\"testook\">Nato negli anni 1920 dalle geniali intuizioni di Joseph H. Pilates, istruttore di autodifesa, che durante la sua prigionia nella Grande Guerra, impost\u00f2 i primi esercizi per la riabilitazione dei soldati costretti all&#8217;immobilit\u00e0 delle ferite utilizzandole sbarre dei letti. Emigr\u00f2 nel 1926 negli Stati Uniti dove codific\u00f2 la suo tecnica e perfezion\u00f2 la particolare attrezzatura per praticarla. I primi a scoprirne l&#8217;efficacia e i vantaggi furono i ballerini. <\/span><\/p>\n<\/div><div class=\"fusion-clearfix\"><\/div><\/div><\/div><div class=\"fusion-layout-column fusion_builder_column fusion-builder-column-2 fusion_builder_column_1_5 1_5 fusion-one-fifth fusion-column-last\" style=\"--awb-padding-top:4%;--awb-padding-right:0px;--awb-padding-bottom:0px;--awb-padding-left:0px;--awb-bg-size:cover;--awb-margin-bottom:0px;width:20%;width:calc(20% - ( ( 4% + 4% ) * 0.2 ) );\"><div class=\"fusion-column-wrapper fusion-flex-column-wrapper-legacy\"><div class=\"fusion-image-element in-legacy-container\" style=\"--awb-caption-title-font-family:var(--h2_typography-font-family);--awb-caption-title-font-weight:var(--h2_typography-font-weight);--awb-caption-title-font-style:var(--h2_typography-font-style);--awb-caption-title-size:var(--h2_typography-font-size);--awb-caption-title-transform:var(--h2_typography-text-transform);--awb-caption-title-line-height:var(--h2_typography-line-height);--awb-caption-title-letter-spacing:var(--h2_typography-letter-spacing);\"><span class=\" fusion-imageframe imageframe-none imageframe-1 hover-type-none\"><img decoding=\"async\" width=\"500\" height=\"500\" title=\"stamp\" src=\"https:\/\/pilatestudio.ch\/site\/wp-content\/uploads\/2019\/07\/stamp.png\" alt class=\"img-responsive wp-image-371\" srcset=\"https:\/\/pilatestudio.ch\/site\/wp-content\/uploads\/2019\/07\/stamp-200x200.png 200w, https:\/\/pilatestudio.ch\/site\/wp-content\/uploads\/2019\/07\/stamp-400x400.png 400w, https:\/\/pilatestudio.ch\/site\/wp-content\/uploads\/2019\/07\/stamp.png 500w\" sizes=\"(max-width: 800px) 100vw, 400px\" \/><\/span><\/div><div class=\"fusion-clearfix\"><\/div><\/div><\/div><\/div><\/div><div class=\"fusion-fullwidth fullwidth-box fusion-builder-row-2 fusion-parallax-none nonhundred-percent-fullwidth non-hundred-percent-height-scrolling fusion-equal-height-columns\" style=\"--awb-background-position:left center;--awb-border-radius-top-left:0px;--awb-border-radius-top-right:0px;--awb-border-radius-bottom-right:0px;--awb-border-radius-bottom-left:0px;--awb-padding-top:0px;--awb-padding-right:0px;--awb-padding-bottom:0px;--awb-padding-left:0px;--awb-margin-top:0px;--awb-margin-bottom:5%;--awb-background-image:url(&quot;https:\/\/pilatestudio.ch\/site\/wp-content\/uploads\/2018\/10\/home2.jpg&quot;);--awb-background-size:cover;--awb-flex-wrap:wrap;\" ><div class=\"fusion-builder-row fusion-row\"><div class=\"fusion-layout-column fusion_builder_column fusion-builder-column-3 fusion_builder_column_1_3 1_3 fusion-one-third fusion-column-first\" style=\"--awb-padding-top:4%;--awb-padding-right:6%;--awb-padding-bottom:8%;--awb-padding-left:6%;--awb-bg-color:rgba(178,127,149,0.7);--awb-bg-color-hover:rgba(178,127,149,0.7);--awb-bg-size:cover;--awb-margin-top:3%;--awb-margin-bottom:3%;width:33.333333333333%;width:calc(33.333333333333% - ( ( 4% + 4% ) * 0.33333333333333 ) );margin-right: 4%;\"><div class=\"fusion-column-wrapper fusion-flex-column-wrapper-legacy\"><div class=\"fusion-text fusion-text-4\"><h1><span style=\"color: #ffffff;\">ATTREZZI<\/span><\/h1>\n<\/div><div class=\"fusion-sep-clear\"><\/div><div class=\"fusion-separator fusion-clearfix\" style=\"float:left;margin-top:20px;margin-bottom:40px;width:100%;max-width:100px;\"><div class=\"fusion-separator-border sep-single sep-solid\" style=\"--awb-height:20px;--awb-amount:20px;--awb-sep-color:#ffffff;border-color:#ffffff;border-top-width:5px;\"><\/div><\/div><div class=\"fusion-sep-clear\"><\/div><div class=\"fusion-text fusion-text-5\"><p><span style=\"color: #ffffff;\">Le lezioni sono individuali in una prima fase (min. 5 lezioni) per determinare le necessit\u00e0 del cliente. In una seconda fase si pu\u00f2 accedere alle lezioni semi-private formate da 3 persone che lavorano contemporaneamente.<\/span><\/p>\n<p><span style=\"color: #ffffff;\">Questi corsi si svolgono durante tutto il giorno su appuntamento.<\/span><\/p>\n<\/div><div class=\"fusion-alignright\"><a class=\"fusion-button button-flat fusion-button-default-size button-custom fusion-button-default button-2 fusion-button-default-span fusion-button-default-type\" style=\"--button_accent_color:#ffffff;--button_accent_hover_color:#ffffff;--button_border_hover_color:#ffffff;--button_gradient_top_color:#576bb0;--button_gradient_bottom_color:#576bb0;--button_gradient_top_color_hover:rgba(87,107,176,0.7);--button_gradient_bottom_color_hover:rgba(87,107,176,0.7);\" target=\"_self\" href=\"\/site\/corsi\/\"><span class=\"fusion-button-text\">Scopri tutti i corsi<\/span><\/a><\/div><div class=\"fusion-clearfix\"><\/div><\/div><\/div><div class=\"fusion-layout-column fusion_builder_column fusion-builder-column-4 fusion_builder_column_1_3 1_3 fusion-one-third\" style=\"--awb-padding-top:2%;--awb-bg-size:cover;width:33.333333333333%;width:calc(33.333333333333% - ( ( 4% + 4% ) * 0.33333333333333 ) );margin-right: 4%;\"><div class=\"fusion-column-wrapper fusion-flex-column-wrapper-legacy\"><div class=\"fusion-clearfix\"><\/div><\/div><\/div><div class=\"fusion-layout-column fusion_builder_column fusion-builder-column-5 fusion_builder_column_1_3 1_3 fusion-one-third fusion-column-last\" style=\"--awb-padding-top:2%;--awb-bg-size:cover;width:33.333333333333%;width:calc(33.333333333333% - ( ( 4% + 4% ) * 0.33333333333333 ) );\"><div class=\"fusion-column-wrapper fusion-flex-column-wrapper-legacy\"><div class=\"fusion-clearfix\"><\/div><\/div><\/div><\/div><\/div><div class=\"fusion-fullwidth fullwidth-box fusion-builder-row-3 fusion-parallax-none nonhundred-percent-fullwidth non-hundred-percent-height-scrolling fusion-equal-height-columns\" style=\"--awb-background-position:right center;--awb-border-radius-top-left:0px;--awb-border-radius-top-right:0px;--awb-border-radius-bottom-right:0px;--awb-border-radius-bottom-left:0px;--awb-padding-top:0px;--awb-padding-right:0px;--awb-padding-bottom:0px;--awb-padding-left:0px;--awb-margin-top:0px;--awb-margin-bottom:5%;--awb-background-image:url(&quot;https:\/\/pilatestudio.ch\/site\/wp-content\/uploads\/2018\/10\/met3.jpg&quot;);--awb-background-size:cover;--awb-flex-wrap:wrap;\" ><div class=\"fusion-builder-row fusion-row\"><div class=\"fusion-layout-column fusion_builder_column fusion-builder-column-6 fusion_builder_column_1_3 1_3 fusion-one-third fusion-column-first\" style=\"--awb-padding-top:4%;--awb-padding-right:6%;--awb-padding-bottom:8%;--awb-padding-left:6%;--awb-bg-color:rgba(87,107,176,0.7);--awb-bg-color-hover:rgba(87,107,176,0.7);--awb-bg-size:cover;--awb-margin-top:3%;--awb-margin-bottom:3%;width:33.333333333333%;width:calc(33.333333333333% - ( ( 4% + 4% ) * 0.33333333333333 ) );margin-right: 4%;\"><div class=\"fusion-column-wrapper fusion-flex-column-wrapper-legacy\"><div class=\"fusion-text fusion-text-6\"><h1><span style=\"color: #ffffff;\">MAT WORK<\/span><\/h1>\n<\/div><div class=\"fusion-sep-clear\"><\/div><div class=\"fusion-separator fusion-clearfix\" style=\"float:left;margin-top:20px;margin-bottom:40px;width:100%;max-width:100px;\"><div class=\"fusion-separator-border sep-single sep-solid\" style=\"--awb-height:20px;--awb-amount:20px;--awb-sep-color:#ffffff;border-color:#ffffff;border-top-width:5px;\"><\/div><\/div><div class=\"fusion-sep-clear\"><\/div><div class=\"fusion-text fusion-text-7\"><p><span style=\"color: #ffffff;\">Lezioni di gruppo a corpo libero con l&#8217;utilizzo di piccoli attrezzi (magic circle, soft ball, flex band). <\/span><\/p>\n<p><span style=\"color: #ffffff;\">Questi corsi sono a orari fissi durante l&#8217;arco della settimana.<\/span><\/p>\n<\/div><div class=\"fusion-alignright\"><a class=\"fusion-button button-flat fusion-button-default-size button-default fusion-button-default button-3 fusion-button-default-span fusion-button-default-type\" target=\"_self\" href=\"\/site\/corsi\/\"><span class=\"fusion-button-text\">Scopri tutti i corsi<\/span><\/a><\/div><div class=\"fusion-clearfix\"><\/div><\/div><\/div><div class=\"fusion-layout-column fusion_builder_column fusion-builder-column-7 fusion_builder_column_1_3 1_3 fusion-one-third\" style=\"--awb-padding-top:2%;--awb-bg-size:cover;width:33.333333333333%;width:calc(33.333333333333% - ( ( 4% + 4% ) * 0.33333333333333 ) );margin-right: 4%;\"><div class=\"fusion-column-wrapper fusion-flex-column-wrapper-legacy\"><div class=\"fusion-clearfix\"><\/div><\/div><\/div><div class=\"fusion-layout-column fusion_builder_column fusion-builder-column-8 fusion_builder_column_1_3 1_3 fusion-one-third fusion-column-last\" style=\"--awb-padding-top:2%;--awb-bg-size:cover;width:33.333333333333%;width:calc(33.333333333333% - ( ( 4% + 4% ) * 0.33333333333333 ) );\"><div class=\"fusion-column-wrapper fusion-flex-column-wrapper-legacy\"><div class=\"fusion-clearfix\"><\/div><\/div><\/div><\/div><\/div><div class=\"fusion-fullwidth fullwidth-box fusion-builder-row-4 fusion-parallax-none nonhundred-percent-fullwidth non-hundred-percent-height-scrolling\" style=\"--awb-background-position:right center;--awb-border-radius-top-left:0px;--awb-border-radius-top-right:0px;--awb-border-radius-bottom-right:0px;--awb-border-radius-bottom-left:0px;--awb-padding-top:0px;--awb-padding-right:0px;--awb-padding-bottom:0px;--awb-padding-left:0px;--awb-margin-top:0px;--awb-margin-bottom:5%;--awb-background-image:url(&quot;https:\/\/pilatestudio.ch\/site\/wp-content\/uploads\/2018\/12\/pil4.jpg&quot;);--awb-background-size:cover;--awb-flex-wrap:wrap;\" ><div class=\"fusion-builder-row fusion-row\"><div class=\"fusion-layout-column fusion_builder_column fusion-builder-column-9 fusion_builder_column_1_3 1_3 fusion-one-third fusion-column-first\" style=\"--awb-padding-top:2%;--awb-bg-size:cover;width:33.333333333333%;width:calc(33.333333333333% - ( ( 4% + 4% ) * 0.33333333333333 ) );margin-right: 4%;\"><div class=\"fusion-column-wrapper fusion-flex-column-wrapper-legacy\"><div class=\"fusion-clearfix\"><\/div><\/div><\/div><div class=\"fusion-layout-column fusion_builder_column fusion-builder-column-10 fusion_builder_column_1_3 1_3 fusion-one-third\" style=\"--awb-padding-top:2%;--awb-bg-size:cover;width:33.333333333333%;width:calc(33.333333333333% - ( ( 4% + 4% ) * 0.33333333333333 ) );margin-right: 4%;\"><div class=\"fusion-column-wrapper fusion-flex-column-wrapper-legacy\"><div class=\"fusion-clearfix\"><\/div><\/div><\/div><div class=\"fusion-layout-column fusion_builder_column fusion-builder-column-11 fusion_builder_column_1_3 1_3 fusion-one-third fusion-column-last\" style=\"--awb-padding-top:4%;--awb-padding-right:6%;--awb-padding-bottom:8%;--awb-padding-left:6%;--awb-bg-color:rgba(85,123,131,0.7);--awb-bg-color-hover:rgba(85,123,131,0.7);--awb-bg-size:cover;--awb-margin-top:3%;--awb-margin-bottom:3%;width:33.333333333333%;width:calc(33.333333333333% - ( ( 4% + 4% ) * 0.33333333333333 ) );\"><div class=\"fusion-column-wrapper fusion-flex-column-wrapper-legacy\"><div class=\"fusion-text fusion-text-8\"><h1><span style=\"color: #ffffff;\">DOVE SIAMO<\/span><\/h1>\n<\/div><div class=\"fusion-sep-clear\"><\/div><div class=\"fusion-separator fusion-clearfix\" style=\"float:left;margin-top:20px;margin-bottom:40px;width:100%;max-width:100px;\"><div class=\"fusion-separator-border sep-single sep-solid\" style=\"--awb-height:20px;--awb-amount:20px;--awb-sep-color:#ffffff;border-color:#ffffff;border-top-width:5px;\"><\/div><\/div><div class=\"fusion-sep-clear\"><\/div><div class=\"fusion-text fusion-text-9\"><p><span style=\"color: #ffffff;\">Nel cuore di Lugano, a pochi passi dall&#8217;universit\u00e0 e dal centro citt\u00e0, Pilates Studio ti accoglier\u00e0 in un ambiente professionale e discreto.<\/span><\/p>\n<p><span style=\"color: #ffffff;\">Vieni a scoprire tutte le nostre proposte di corsi individuali o di gruppo: ci trovi in via Boscioro 12 a Viganello.<\/span><\/p>\n<\/div><div class=\"fusion-alignright\"><a class=\"fusion-button button-flat fusion-button-default-size button-default fusion-button-default button-4 fusion-button-default-span fusion-button-default-type\" target=\"_blank\" rel=\"noopener noreferrer\" href=\"https:\/\/www.google.com\/maps\/place\/Via+Boscioro+12,+6962+Viganello\/@46.0129822,8.9593541,17z\/data=!3m1!4b1!4m5!3m4!1s0x4784320ada0fe4e3:0xd6cf57e087a74e53!8m2!3d46.0129822!4d8.9615428\"><span class=\"fusion-button-text\">Mappa<\/span><\/a><\/div><div class=\"fusion-clearfix\"><\/div><\/div><\/div><\/div><\/div><div class=\"fusion-fullwidth fullwidth-box fusion-builder-row-5 nonhundred-percent-fullwidth non-hundred-percent-height-scrolling fusion-equal-height-columns\" style=\"--awb-background-position:right center;--awb-border-radius-top-left:0px;--awb-border-radius-top-right:0px;--awb-border-radius-bottom-right:0px;--awb-border-radius-bottom-left:0px;--awb-flex-wrap:wrap;\" ><div class=\"fusion-builder-row fusion-row\"><div class=\"fusion-layout-column fusion_builder_column fusion-builder-column-12 fusion_builder_column_1_6 1_6 fusion-one-sixth fusion-column-first\" style=\"--awb-padding-top:4%;--awb-padding-right:0px;--awb-padding-bottom:8%;--awb-padding-left:6%;--awb-bg-color:rgba(178,127,149,0.7);--awb-bg-color-hover:rgba(178,127,149,0.7);--awb-bg-size:cover;--awb-margin-bottom:3%;\"><div class=\"fusion-column-wrapper fusion-flex-column-wrapper-legacy\"><div class=\"fusion-column-content-centered\"><div class=\"fusion-column-content\"><div class=\"fusion-text fusion-text-10\"><h1><span style=\"color: #ffffff;\">NEWS<\/span><\/h1>\n<\/div><\/div><\/div><div class=\"fusion-clearfix\"><\/div><\/div><\/div><div class=\"fusion-layout-column fusion_builder_column fusion-builder-column-13 fusion_builder_column_5_6 5_6 fusion-five-sixth fusion-column-last\" style=\"--awb-padding-left:4%;--awb-bg-size:cover;--awb-border-color:rgba(178,127,149,0.7);--awb-border-top:1px;--awb-border-right:1px;--awb-border-bottom:1px;--awb-border-left:1px;--awb-border-style:solid;width:82.6666%;\"><div class=\"fusion-column-wrapper fusion-flex-column-wrapper-legacy\"><div class=\"fusion-column-content-centered\"><div class=\"fusion-column-content\"><div class=\"fusion-recent-posts fusion-recent-posts-1 avada-container layout-default layout-columns-2\"><section class=\"fusion-columns columns fusion-columns-2 columns-2\"><article class=\"post fusion-column column col col-lg-6 col-md-6 col-sm-6\"><div class=\"recent-posts-content\"><span class=\"vcard\" style=\"display: none;\"><span class=\"fn\"><a href=\"https:\/\/pilatestudio.ch\/site\/author\/admin\/\" title=\"Articoli scritti da admin\" rel=\"author\">admin<\/a><\/span><\/span><span class=\"updated\" style=\"display:none;\">2022-08-24T13:04:33+00:00<\/span><h4 class=\"entry-title\"><a href=\"https:\/\/pilatestudio.ch\/site\/ripresa-corsi-di-matwork-dal-5-settembre-2022\/\">Ripresa corsi di matwork dal 5 settembre 2022!<\/a><\/h4><p class=\"meta\"><span class=\"vcard\" style=\"display: none;\"><span class=\"fn\"><a href=\"https:\/\/pilatestudio.ch\/site\/author\/admin\/\" title=\"Articoli scritti da admin\" rel=\"author\">admin<\/a><\/span><\/span><span class=\"updated\" style=\"display:none;\">2022-08-24T13:04:33+00:00<\/span><span>24\/08\/2022<\/span><span class=\"fusion-inline-sep\">|<\/span><\/p><p>I nostri corsi di matwork riprendono il 5 settembre 2022, con nuovi orari disponibili sulla pausa pranzo: 12:00 e 13:00.<\/p><\/div><\/article><article class=\"post fusion-column column col col-lg-6 col-md-6 col-sm-6\"><div class=\"recent-posts-content\"><span class=\"vcard\" style=\"display: none;\"><span class=\"fn\"><a href=\"https:\/\/pilatestudio.ch\/site\/author\/admin\/\" title=\"Articoli scritti da admin\" rel=\"author\">admin<\/a><\/span><\/span><span class=\"updated\" style=\"display:none;\">2019-02-14T15:46:17+00:00<\/span><h4 class=\"entry-title\"><a href=\"https:\/\/pilatestudio.ch\/site\/online-il-nuovo-sito\/\">Online il nuovo sito!<\/a><\/h4><p class=\"meta\"><span class=\"vcard\" style=\"display: none;\"><span class=\"fn\"><a href=\"https:\/\/pilatestudio.ch\/site\/author\/admin\/\" title=\"Articoli scritti da admin\" rel=\"author\">admin<\/a><\/span><\/span><span class=\"updated\" style=\"display:none;\">2019-02-14T15:46:17+00:00<\/span><span>14\/02\/2019<\/span><span class=\"fusion-inline-sep\">|<\/span><\/p><p>Rinnovato nella veste grafica e nelle funzionalit\u00e0, \u00e8 online il nuovo pilastestudio.ch. Scoprilo navigando tra le pagine!<\/p><\/div><\/article><\/section><\/div><\/div><\/div><div class=\"fusion-clearfix\"><\/div><\/div><\/div><\/div><\/div><\/p>\n","protected":false},"excerpt":{"rendered":"","protected":false},"author":2,"featured_media":0,"parent":0,"menu_order":0,"comment_status":"closed","ping_status":"closed","template":"","meta":{"footnotes":""},"_links":{"self":[{"href":"https:\/\/pilatestudio.ch\/site\/wp-json\/wp\/v2\/pages\/13"}],"collection":[{"href":"https:\/\/pilatestudio.ch\/site\/wp-json\/wp\/v2\/pages"}],"about":[{"href":"https:\/\/pilatestudio.ch\/site\/wp-json\/wp\/v2\/types\/page"}],"author":[{"embeddable":true,"href":"https:\/\/pilatestudio.ch\/site\/wp-json\/wp\/v2\/users\/2"}],"replies":[{"embeddable":true,"href":"https:\/\/pilatestudio.ch\/site\/wp-json\/wp\/v2\/comments?post=13"}],"version-history":[{"count":18,"href":"https:\/\/pilatestudio.ch\/site\/wp-json\/wp\/v2\/pages\/13\/revisions"}],"predecessor-version":[{"id":35,"href":"https:\/\/pilatestudio.ch\/site\/wp-json\/wp\/v2\/pages\/13\/revisions\/35"}],"wp:attachment":[{"href":"https:\/\/pilatestudio.ch\/site\/wp-json\/wp\/v2\/media?parent=13"}],"curies":[{"name":"wp","href":"https:\/\/api.w.org\/{rel}","templated":true}]}}