{"id":117,"date":"2018-07-23T14:50:50","date_gmt":"2018-07-23T14:50:50","guid":{"rendered":"http:\/\/pilatestudio.ch\/site\/?page_id=117"},"modified":"2018-12-17T12:58:45","modified_gmt":"2018-12-17T12:58:45","slug":"metodo","status":"publish","type":"page","link":"https:\/\/pilatestudio.ch\/site\/metodo\/","title":{"rendered":"Il metodo J.H. Pilates"},"content":{"rendered":"<p><div class=\"fusion-fullwidth fullwidth-box fusion-builder-row-1 nonhundred-percent-fullwidth non-hundred-percent-height-scrolling\" style=\"--awb-border-radius-top-left:0px;--awb-border-radius-top-right:0px;--awb-border-radius-bottom-right:0px;--awb-border-radius-bottom-left:0px;--awb-padding-top:0px;--awb-padding-right:0px;--awb-padding-bottom:0px;--awb-padding-left:0px;--awb-margin-top:0px;--awb-margin-bottom:2%;--awb-flex-wrap:wrap;\" ><div class=\"fusion-builder-row fusion-row\"><div class=\"fusion-layout-column fusion_builder_column fusion-builder-column-0 fusion_builder_column_1_2 1_2 fusion-one-half fusion-column-first\" style=\"--awb-padding-top:4%;--awb-padding-right:4%;--awb-padding-bottom:8%;--awb-padding-left:4%;--awb-bg-color:rgba(85,123,131,0.7);--awb-bg-color-hover:rgba(85,123,131,0.7);--awb-bg-size:cover;--awb-margin-top:-8%;--awb-margin-bottom:0px;width:50%;width:calc(50% - ( ( 4% ) * 0.5 ) );margin-right: 4%;\"><div class=\"fusion-column-wrapper fusion-flex-column-wrapper-legacy\"><div class=\"fusion-text fusion-text-1\"><h1><span style=\"color: #ffffff;\">IL METODO J.H. PILATES<\/span><\/h1>\n<h3><span style=\"color: #ffffff;\">Il metodo ideato da J. H. Pilates consiste in una vera rivoluzione nel dominio dell&#8217;esercizio fisico. Un approccio al lavoro corporeo senza precedenti e paragoni, dove diventa determinante l&#8217;utilizzo di movimenti che sollecitano l&#8217;intera muscolatura del corpo: sia i muscoli superficiali, che quelli pi\u00f9 profondi, come i muscoli posturali (vedi addominali e dorsali) sempre troppo trascurati in altre attivit\u00e0 fisiche.<\/span><\/h3>\n<\/div><div class=\"fusion-clearfix\"><\/div><\/div><\/div><div class=\"fusion-layout-column fusion_builder_column fusion-builder-column-1 fusion_builder_column_1_2 1_2 fusion-one-half fusion-column-last\" style=\"--awb-padding-top:4%;--awb-padding-right:0px;--awb-padding-bottom:0px;--awb-padding-left:0px;--awb-bg-size:cover;--awb-margin-bottom:0px;width:50%;width:calc(50% - ( ( 4% ) * 0.5 ) );\"><div class=\"fusion-column-wrapper fusion-flex-column-wrapper-legacy\"><div class=\"fusion-text fusion-text-2\"><h3>Chi \u00e8 J.H. Pilates?<\/h3>\n<p><span class=\"testook\">Scopril la biografia di Joseph H. Pilates nella <a href=\"\/pilatestudio\/j-h-pilates\/\"><strong>sezione dedicata<\/strong><\/a>.<\/span><\/p>\n<\/div><div class=\"fusion-clearfix\"><\/div><\/div><\/div><\/div><\/div><div class=\"fusion-fullwidth fullwidth-box fusion-builder-row-2 nonhundred-percent-fullwidth non-hundred-percent-height-scrolling\" style=\"--awb-border-radius-top-left:0px;--awb-border-radius-top-right:0px;--awb-border-radius-bottom-right:0px;--awb-border-radius-bottom-left:0px;--awb-padding-top:0px;--awb-padding-right:0px;--awb-padding-bottom:0px;--awb-padding-left:0px;--awb-margin-top:0px;--awb-margin-bottom:5%;--awb-flex-wrap:wrap;\" ><div class=\"fusion-builder-row fusion-row\"><div class=\"fusion-layout-column fusion_builder_column fusion-builder-column-2 fusion_builder_column_1_2 1_2 fusion-one-half fusion-column-first\" style=\"--awb-padding-top:3%;--awb-padding-right:3%;--awb-padding-bottom:3%;--awb-padding-left:3%;--awb-bg-color:rgba(85,123,131,0.7);--awb-bg-color-hover:rgba(85,123,131,0.7);--awb-bg-position:center center;--awb-bg-size:cover;width:50%;width:calc(50% - ( ( 4% ) * 0.5 ) );margin-right: 4%;\"><div class=\"fusion-column-wrapper fusion-flex-column-wrapper-legacy\"><div class=\"awb-gallery-wrapper awb-gallery-wrapper-1 button-span-no\"><div style=\"margin:-5px;--awb-bordersize:0px;\" class=\"fusion-gallery fusion-gallery-container fusion-grid-1 fusion-columns-total-4 fusion-gallery-layout-grid fusion-gallery-1\"><div style=\"padding:5px;\" class=\"fusion-grid-column fusion-gallery-column fusion-gallery-column-1\"><div class=\"fusion-gallery-image fusion-gallery-image-liftup\"><a href=\"https:\/\/pilatestudio.ch\/site\/wp-content\/uploads\/2018\/10\/met1.jpg\" rel=\"noreferrer\" data-rel=\"iLightbox[gallery_image_1]\" class=\"fusion-lightbox\"><img decoding=\"async\" src=\"https:\/\/pilatestudio.ch\/site\/wp-content\/uploads\/2018\/10\/met1.jpg\" width=\"1000\" height=\"562\" alt=\"\" title=\"met1\" aria-label=\"met1\" class=\"img-responsive wp-image-211\" srcset=\"https:\/\/pilatestudio.ch\/site\/wp-content\/uploads\/2018\/10\/met1-200x112.jpg 200w, https:\/\/pilatestudio.ch\/site\/wp-content\/uploads\/2018\/10\/met1-400x225.jpg 400w, https:\/\/pilatestudio.ch\/site\/wp-content\/uploads\/2018\/10\/met1-600x337.jpg 600w, https:\/\/pilatestudio.ch\/site\/wp-content\/uploads\/2018\/10\/met1-800x450.jpg 800w, https:\/\/pilatestudio.ch\/site\/wp-content\/uploads\/2018\/10\/met1.jpg 1000w\" sizes=\"(min-width: 2200px) 100vw, (min-width: 640px) 1400px, \" \/><\/a><\/div><\/div><div class=\"clearfix\"><\/div><div style=\"padding:5px;\" class=\"fusion-grid-column fusion-gallery-column fusion-gallery-column-1\"><div class=\"fusion-gallery-image fusion-gallery-image-liftup\"><a href=\"https:\/\/pilatestudio.ch\/site\/wp-content\/uploads\/2018\/10\/met4.jpg\" rel=\"noreferrer\" data-rel=\"iLightbox[gallery_image_1]\" class=\"fusion-lightbox\"><img decoding=\"async\" src=\"https:\/\/pilatestudio.ch\/site\/wp-content\/uploads\/2018\/10\/met4.jpg\" width=\"1000\" height=\"562\" alt=\"\" title=\"met4\" aria-label=\"met4\" class=\"img-responsive wp-image-214\" srcset=\"https:\/\/pilatestudio.ch\/site\/wp-content\/uploads\/2018\/10\/met4-200x112.jpg 200w, https:\/\/pilatestudio.ch\/site\/wp-content\/uploads\/2018\/10\/met4-400x225.jpg 400w, https:\/\/pilatestudio.ch\/site\/wp-content\/uploads\/2018\/10\/met4-600x337.jpg 600w, https:\/\/pilatestudio.ch\/site\/wp-content\/uploads\/2018\/10\/met4-800x450.jpg 800w, https:\/\/pilatestudio.ch\/site\/wp-content\/uploads\/2018\/10\/met4.jpg 1000w\" sizes=\"(min-width: 2200px) 100vw, (min-width: 640px) 1400px, \" \/><\/a><\/div><\/div><div class=\"clearfix\"><\/div><div style=\"padding:5px;\" class=\"fusion-grid-column fusion-gallery-column fusion-gallery-column-1\"><div class=\"fusion-gallery-image fusion-gallery-image-liftup\"><a href=\"https:\/\/pilatestudio.ch\/site\/wp-content\/uploads\/2018\/07\/home1.jpg\" rel=\"noreferrer\" data-rel=\"iLightbox[gallery_image_1]\" class=\"fusion-lightbox\"><img decoding=\"async\" src=\"https:\/\/pilatestudio.ch\/site\/wp-content\/uploads\/2018\/07\/home1.jpg\" width=\"1500\" height=\"842\" alt=\"\" title=\"home1\" aria-label=\"home1\" class=\"img-responsive wp-image-224\" srcset=\"https:\/\/pilatestudio.ch\/site\/wp-content\/uploads\/2018\/07\/home1-200x112.jpg 200w, https:\/\/pilatestudio.ch\/site\/wp-content\/uploads\/2018\/07\/home1-400x225.jpg 400w, https:\/\/pilatestudio.ch\/site\/wp-content\/uploads\/2018\/07\/home1-600x337.jpg 600w, https:\/\/pilatestudio.ch\/site\/wp-content\/uploads\/2018\/07\/home1-800x449.jpg 800w, https:\/\/pilatestudio.ch\/site\/wp-content\/uploads\/2018\/07\/home1-1200x674.jpg 1200w, https:\/\/pilatestudio.ch\/site\/wp-content\/uploads\/2018\/07\/home1.jpg 1500w\" sizes=\"(min-width: 2200px) 100vw, (min-width: 640px) 1400px, \" \/><\/a><\/div><\/div><div class=\"clearfix\"><\/div><div style=\"padding:5px;\" class=\"fusion-grid-column fusion-gallery-column fusion-gallery-column-1\"><div class=\"fusion-gallery-image fusion-gallery-image-liftup\"><a href=\"https:\/\/pilatestudio.ch\/site\/wp-content\/uploads\/2018\/12\/pil4000.jpg\" rel=\"noreferrer\" data-rel=\"iLightbox[gallery_image_1]\" class=\"fusion-lightbox\"><img decoding=\"async\" src=\"https:\/\/pilatestudio.ch\/site\/wp-content\/uploads\/2018\/12\/pil4000.jpg\" width=\"1000\" height=\"562\" alt=\"\" title=\"pil4000\" aria-label=\"pil4000\" class=\"img-responsive wp-image-308\" srcset=\"https:\/\/pilatestudio.ch\/site\/wp-content\/uploads\/2018\/12\/pil4000-200x112.jpg 200w, https:\/\/pilatestudio.ch\/site\/wp-content\/uploads\/2018\/12\/pil4000-400x225.jpg 400w, https:\/\/pilatestudio.ch\/site\/wp-content\/uploads\/2018\/12\/pil4000-600x337.jpg 600w, https:\/\/pilatestudio.ch\/site\/wp-content\/uploads\/2018\/12\/pil4000-800x450.jpg 800w, https:\/\/pilatestudio.ch\/site\/wp-content\/uploads\/2018\/12\/pil4000.jpg 1000w\" sizes=\"(min-width: 2200px) 100vw, (min-width: 640px) 1400px, \" \/><\/a><\/div><\/div><div class=\"clearfix\"><\/div><\/div><\/div><div class=\"fusion-clearfix\"><\/div><\/div><\/div><div class=\"fusion-layout-column fusion_builder_column fusion-builder-column-3 fusion_builder_column_1_2 1_2 fusion-one-half fusion-column-last\" style=\"--awb-padding-top:0px;--awb-padding-right:0px;--awb-padding-bottom:0px;--awb-padding-left:0px;--awb-bg-size:cover;--awb-margin-bottom:0px;width:50%;width:calc(50% - ( ( 4% ) * 0.5 ) );\"><div class=\"fusion-column-wrapper fusion-flex-column-wrapper-legacy\"><div class=\"fusion-text fusion-text-3\"><h3>Il metodo J.H. Pilates<\/h3>\n<p><span class=\"testook\">L&#8217;idea \u00e8 quella di far nascere tutti i movimenti dal centro (powerhouse), in modo da sollecitare l&#8217;equilibrio fra i gruppi muscolari. Gli esercizi devono essere praticati con un allineamento perfetto per ottenere i migliori risultati. I risultati si vedono immediatamente in una silhouette affinata, una nuova postura del corpo agile \u00e8 resistente \u00c8 una formidabile sensazione di vitalit\u00e0 e benessere. Ma i benefici della disciplina Si estendono sia al recupero degli Infortuni che al quello dei disequilibri muscolari dovuti alle abitudini sedentari.<\/span><\/p>\n<p><span class=\"testook\">Nato negli anni 1920 dalle geniali intuizioni di Joseph H. Pilates, istruttore di autodifesa, che durante la sua prigionia nella Grande Guerra, impost\u00f2 i primi esercizi per la riabilitazione dei soldati costretti all&#8217;immobilit\u00e0 delle ferite utilizzandole sbarre dei letti. <\/span><span class=\"testook\">Emigr\u00f2 nel 1926 negli Stati Uniti dove codific\u00f2 la suo tecnica e perfezion\u00f2 la particolare attrezzatura per praticarla. I primi a scoprirne l&#8217;efficacia e i vantaggi furono i ballerini. <\/span><\/p>\n<\/div><div class=\"fusion-sep-clear\"><\/div><div class=\"fusion-separator fusion-full-width-sep\" style=\"margin-left: auto;margin-right: auto;margin-top:2%;margin-bottom:5%;width:100%;\"><div class=\"fusion-separator-border sep-single sep-dotted\" style=\"--awb-height:20px;--awb-amount:20px;--awb-sep-color:#39aea9;border-color:#39aea9;border-top-width:1px;\"><\/div><\/div><div class=\"fusion-sep-clear\"><\/div><div class=\"fusion-text fusion-text-4\"><h2>I principi<\/h2>\n<p><em>&#8220;La cosa importante non \u00e8 ci\u00f2 che stai facendo ma come stai eseguendo ci\u00f2 che fai&#8221;<\/em><br \/>\n<em>Joseph H. Pilates<\/em><\/p>\n<p><strong>RESPIRAZIONE<\/strong><br \/>\nRespirazione e movimento devo svolgersi in modo coordinato.<\/p>\n<p><strong>CONTROLLO<\/strong><br \/>\nSviluppando il controllo del proprio corpo si costruiscono muscoli forti e si riducono i rischi<br \/>\ndi incidenti.<\/p>\n<p><strong>CONCENTRAZIONE<\/strong><br \/>\nMente e corpo lavorano all&#8217;unisono. \u00e9 essenziale rimanere sempre ben concentrati su quanto<br \/>\nbisogna eseguire.<\/p>\n<p><strong>BARICENTRO<\/strong><br \/>\n\u00c8 un fondamento della tecnica e da qui ha origine ogni movimento (powerhouse). Il rinforzo<br \/>\ndi questa zona \u00e8 importante per riportare mente e corpo a recuperare schemi motori ottimali.<\/p>\n<p><strong>PRECISIONE<\/strong><br \/>\nEseguire gli esercizi con precisione aumenter\u00e0 i benefici; mentre la mancanza di precisione<br \/>\nnell&#8217;esecuzione porta a un inevitabile scorretta interpretazione della tecnica.<\/p>\n<p><strong>FLUIDIT\u00c1<\/strong><br \/>\nIl movimento continuo \u00e8 il principio che distingue questa tecnica da altri metodi di fitness.<br \/>\nConcentrarsi su ritmo e fluidit\u00e0 migliorer\u00e0 l&#8217;equilibrio, il controllo e la coordinazione.<\/p>\n<\/div><div class=\"fusion-sep-clear\"><\/div><div class=\"fusion-separator fusion-full-width-sep\" style=\"margin-left: auto;margin-right: auto;margin-top:2%;margin-bottom:5%;width:100%;\"><div class=\"fusion-separator-border sep-single sep-dotted\" style=\"--awb-height:20px;--awb-amount:20px;--awb-sep-color:#39aea9;border-color:#39aea9;border-top-width:1px;\"><\/div><\/div><div class=\"fusion-sep-clear\"><\/div><div class=\"fusion-text fusion-text-5\"><p>L&#8217;approccio orientale ha sempre enfatizzato la mente, quello occidentale il corpo, Joseph H. Pilates ha trovato l&#8217;equlibrio tra i due unendo la spiritualit\u00e0 orientale alla dinamica occidentale. La tecnica comprende oltre 200 esercizi da eseguire a corpo libero o con particolari attrezzi. I particolari attrezzi dalla veloce modifica permettono quindi un lavoro personalizzato che rende questa tecnica unica nel suo genere.<\/p>\n<\/div><div class=\"fusion-clearfix\"><\/div><\/div><\/div><\/div><\/div><\/p>\n","protected":false},"excerpt":{"rendered":"","protected":false},"author":2,"featured_media":0,"parent":0,"menu_order":0,"comment_status":"closed","ping_status":"closed","template":"","meta":{"footnotes":""},"_links":{"self":[{"href":"https:\/\/pilatestudio.ch\/site\/wp-json\/wp\/v2\/pages\/117"}],"collection":[{"href":"https:\/\/pilatestudio.ch\/site\/wp-json\/wp\/v2\/pages"}],"about":[{"href":"https:\/\/pilatestudio.ch\/site\/wp-json\/wp\/v2\/types\/page"}],"author":[{"embeddable":true,"href":"https:\/\/pilatestudio.ch\/site\/wp-json\/wp\/v2\/users\/2"}],"replies":[{"embeddable":true,"href":"https:\/\/pilatestudio.ch\/site\/wp-json\/wp\/v2\/comments?post=117"}],"version-history":[{"count":5,"href":"https:\/\/pilatestudio.ch\/site\/wp-json\/wp\/v2\/pages\/117\/revisions"}],"predecessor-version":[{"id":312,"href":"https:\/\/pilatestudio.ch\/site\/wp-json\/wp\/v2\/pages\/117\/revisions\/312"}],"wp:attachment":[{"href":"https:\/\/pilatestudio.ch\/site\/wp-json\/wp\/v2\/media?parent=117"}],"curies":[{"name":"wp","href":"https:\/\/api.w.org\/{rel}","templated":true}]}}